{"id":3437,"date":"2024-06-07T06:16:21","date_gmt":"2024-06-07T06:16:21","guid":{"rendered":"http:\/\/ufegeneve.com\/?page_id=3437"},"modified":"2025-06-25T16:06:33","modified_gmt":"2025-06-25T16:06:33","slug":"avantages-membres","status":"publish","type":"page","link":"http:\/\/ufegeneve.com\/index.php\/avantages-membres\/","title":{"rendered":"Avantages membres"},"content":{"rendered":"<div class=\"pdfprnt-buttons pdfprnt-buttons-page pdfprnt-top-right\"><a href=\"http:\/\/ufegeneve.com\/index.php\/wp-json\/wp\/v2\/pages\/3437?print=pdf\" class=\"pdfprnt-button pdfprnt-button-pdf\" target=\"_blank\"><img decoding=\"async\" src=\"http:\/\/ufegeneve.com\/wp-content\/plugins\/pdf-print\/images\/pdf.png\" alt=\"image_pdf\" title=\"Afficher le PDF\" \/><\/a><a href=\"http:\/\/ufegeneve.com\/index.php\/wp-json\/wp\/v2\/pages\/3437?print=print\" class=\"pdfprnt-button pdfprnt-button-print\" target=\"_blank\"><img decoding=\"async\" src=\"http:\/\/ufegeneve.com\/wp-content\/plugins\/pdf-print\/images\/print.png\" alt=\"image_print\" title=\"Contenu imprim\u00e9\" \/><\/a><\/div>\n<p>Installer l&rsquo;application officiel pour acc\u00e9dez \u00e0 l&rsquo;ensemble du r\u00e9seau de l&rsquo;UFE. S\u00e9lectionner UFE Gen\u00e8ve et :<\/p>\n<ul class=\"wp-block-list\">\n<li>retrouvez les \u00e9v\u00e9nements de l&rsquo;UFE Gen\u00e8ve<\/li>\n<li>d\u00e9couvrez les avantages pour les membres<\/li>\n<li>consulter les offres partenaires<\/li>\n<\/ul>\n<figure class=\"wp-block-image size-full\"><a href=\"https:\/\/play.google.com\/store\/apps\/details?id=org.ufemonde.mobile\" target=\"_blank\" rel=\" noreferrer noopener\"><img loading=\"lazy\" decoding=\"async\" width=\"832\" height=\"406\" src=\"http:\/\/ufegeneve.com\/wp-content\/uploads\/2025\/06\/ufe-app.png\" alt=\"\" class=\"wp-image-3777\" srcset=\"http:\/\/ufegeneve.com\/wp-content\/uploads\/2025\/06\/ufe-app.png 832w, http:\/\/ufegeneve.com\/wp-content\/uploads\/2025\/06\/ufe-app-300x146.png 300w, http:\/\/ufegeneve.com\/wp-content\/uploads\/2025\/06\/ufe-app-768x375.png 768w\" sizes=\"auto, (max-width: 832px) 100vw, 832px\" \/><\/a><\/figure>\n<figure class=\"wp-block-image size-full\"><a href=\"https:\/\/play.google.com\/store\/apps\/details?id=org.ufemonde.mobile\" target=\"_blank\" rel=\" noreferrer noopener\"><img decoding=\"async\" src=\"http:\/\/ufegeneve.com\/wp-content\/uploads\/2025\/06\/googleplay.png\" alt=\"\" class=\"wp-image-3779\"\/><\/a><\/figure>\n","protected":false},"excerpt":{"rendered":"<p>Installer l&rsquo;application officiel pour acc\u00e9dez \u00e0 l&rsquo;ensemble du r\u00e9seau de l&rsquo;UFE. S\u00e9lectionner UFE Gen\u00e8ve et :<\/p>\n","protected":false},"author":1,"featured_media":0,"parent":0,"menu_order":0,"comment_status":"closed","ping_status":"closed","template":"","meta":{"_price":"","_stock":"","_tribe_ticket_header":"","_tribe_default_ticket_provider":"","_tribe_ticket_capacity":"0","_ticket_start_date":"","_ticket_end_date":"","_tribe_ticket_show_description":"","_tribe_ticket_show_not_going":false,"_tribe_ticket_use_global_stock":"","_tribe_ticket_global_stock_level":"","_global_stock_mode":"","_global_stock_cap":"","_tribe_rsvp_for_event":"","_tribe_ticket_going_count":"","_tribe_ticket_not_going_count":"","_tribe_tickets_list":"[]","_tribe_ticket_has_attendee_info_fields":false,"_themeisle_gutenberg_block_has_review":false,"footnotes":"","_tec_slr_enabled":"","_tec_slr_layout":""},"folder":[],"class_list":["post-3437","page","type-page","status-publish","hentry"],"ticketed":false,"_links":{"self":[{"href":"http:\/\/ufegeneve.com\/index.php\/wp-json\/wp\/v2\/pages\/3437","targetHints":{"allow":["GET"]}}],"collection":[{"href":"http:\/\/ufegeneve.com\/index.php\/wp-json\/wp\/v2\/pages"}],"about":[{"href":"http:\/\/ufegeneve.com\/index.php\/wp-json\/wp\/v2\/types\/page"}],"author":[{"embeddable":true,"href":"http:\/\/ufegeneve.com\/index.php\/wp-json\/wp\/v2\/users\/1"}],"replies":[{"embeddable":true,"href":"http:\/\/ufegeneve.com\/index.php\/wp-json\/wp\/v2\/comments?post=3437"}],"version-history":[{"count":3,"href":"http:\/\/ufegeneve.com\/index.php\/wp-json\/wp\/v2\/pages\/3437\/revisions"}],"predecessor-version":[{"id":3780,"href":"http:\/\/ufegeneve.com\/index.php\/wp-json\/wp\/v2\/pages\/3437\/revisions\/3780"}],"wp:attachment":[{"href":"http:\/\/ufegeneve.com\/index.php\/wp-json\/wp\/v2\/media?parent=3437"}],"wp:term":[{"taxonomy":"folder","embeddable":true,"href":"http:\/\/ufegeneve.com\/index.php\/wp-json\/wp\/v2\/folder?post=3437"}],"curies":[{"name":"wp","href":"https:\/\/api.w.org\/{rel}","templated":true}]}}