{"id":3508,"date":"2024-10-11T14:51:23","date_gmt":"2024-10-11T14:51:23","guid":{"rendered":"http:\/\/ufegeneve.com\/?page_id=3508"},"modified":"2024-10-11T20:57:46","modified_gmt":"2024-10-11T20:57:46","slug":"institut-florimont-concert-de-musique-classique","status":"publish","type":"page","link":"http:\/\/ufegeneve.com\/index.php\/institut-florimont-concert-de-musique-classique\/","title":{"rendered":"Institut Florimont -Concert de musique classique &#8211; 15octobre 2024"},"content":{"rendered":"<div class=\"pdfprnt-buttons pdfprnt-buttons-page pdfprnt-top-right\"><a href=\"http:\/\/ufegeneve.com\/index.php\/wp-json\/wp\/v2\/pages\/3508?print=pdf\" class=\"pdfprnt-button pdfprnt-button-pdf\" target=\"_blank\"><img decoding=\"async\" src=\"http:\/\/ufegeneve.com\/wp-content\/plugins\/pdf-print\/images\/pdf.png\" alt=\"image_pdf\" title=\"Afficher le PDF\" \/><\/a><a href=\"http:\/\/ufegeneve.com\/index.php\/wp-json\/wp\/v2\/pages\/3508?print=print\" class=\"pdfprnt-button pdfprnt-button-print\" target=\"_blank\"><img decoding=\"async\" src=\"http:\/\/ufegeneve.com\/wp-content\/plugins\/pdf-print\/images\/print.png\" alt=\"image_print\" title=\"Contenu imprim\u00e9\" \/><\/a><\/div>\n<p>Chers membres, chers amis,<\/p>\n<p>L&rsquo;\u00e9v\u00e9nement affiche complet, nous ne pouvons donner une suite favorable \u00e0 votre demande d&rsquo;inscription.<\/p>\n<p>Vous remerciant de votre compr\u00e9hension.<\/p>\n<p>Meilleures salutations<\/p>\n<p>Le Bureau de l&rsquo;UFE Gen\u00e8ve<\/p>\n","protected":false},"excerpt":{"rendered":"<p>Chers membres, chers amis, L&rsquo;\u00e9v\u00e9nement affiche complet, nous ne pouvons donner une suite favorable \u00e0 votre demande d&rsquo;inscription. Vous remerciant de votre compr\u00e9hension. Meilleures salutations Le Bureau de l&rsquo;UFE Gen\u00e8ve<\/p>\n","protected":false},"author":1,"featured_media":0,"parent":0,"menu_order":0,"comment_status":"closed","ping_status":"closed","template":"","meta":{"_price":"","_stock":"","_tribe_ticket_header":"","_tribe_default_ticket_provider":"","_tribe_ticket_capacity":"0","_ticket_start_date":"","_ticket_end_date":"","_tribe_ticket_show_description":"","_tribe_ticket_show_not_going":false,"_tribe_ticket_use_global_stock":"","_tribe_ticket_global_stock_level":"","_global_stock_mode":"","_global_stock_cap":"","_tribe_rsvp_for_event":"","_tribe_ticket_going_count":"","_tribe_ticket_not_going_count":"","_tribe_tickets_list":"[]","_tribe_ticket_has_attendee_info_fields":false,"_themeisle_gutenberg_block_has_review":false,"footnotes":"","_tec_slr_enabled":"","_tec_slr_layout":""},"folder":[],"class_list":["post-3508","page","type-page","status-publish","hentry"],"ticketed":false,"_links":{"self":[{"href":"http:\/\/ufegeneve.com\/index.php\/wp-json\/wp\/v2\/pages\/3508","targetHints":{"allow":["GET"]}}],"collection":[{"href":"http:\/\/ufegeneve.com\/index.php\/wp-json\/wp\/v2\/pages"}],"about":[{"href":"http:\/\/ufegeneve.com\/index.php\/wp-json\/wp\/v2\/types\/page"}],"author":[{"embeddable":true,"href":"http:\/\/ufegeneve.com\/index.php\/wp-json\/wp\/v2\/users\/1"}],"replies":[{"embeddable":true,"href":"http:\/\/ufegeneve.com\/index.php\/wp-json\/wp\/v2\/comments?post=3508"}],"version-history":[{"count":4,"href":"http:\/\/ufegeneve.com\/index.php\/wp-json\/wp\/v2\/pages\/3508\/revisions"}],"predecessor-version":[{"id":3513,"href":"http:\/\/ufegeneve.com\/index.php\/wp-json\/wp\/v2\/pages\/3508\/revisions\/3513"}],"wp:attachment":[{"href":"http:\/\/ufegeneve.com\/index.php\/wp-json\/wp\/v2\/media?parent=3508"}],"wp:term":[{"taxonomy":"folder","embeddable":true,"href":"http:\/\/ufegeneve.com\/index.php\/wp-json\/wp\/v2\/folder?post=3508"}],"curies":[{"name":"wp","href":"https:\/\/api.w.org\/{rel}","templated":true}]}}