{"id":3556,"date":"2024-11-13T10:56:49","date_gmt":"2024-11-13T10:56:49","guid":{"rendered":"http:\/\/ufegeneve.com\/?page_id=3556"},"modified":"2024-11-13T10:56:49","modified_gmt":"2024-11-13T10:56:49","slug":"carmen-campo-real-poetesse","status":"publish","type":"page","link":"http:\/\/ufegeneve.com\/index.php\/carmen-campo-real-poetesse\/","title":{"rendered":"Carmen Campo Real, po\u00e9tesse"},"content":{"rendered":"<div class=\"pdfprnt-buttons pdfprnt-buttons-page pdfprnt-top-right\"><a href=\"http:\/\/ufegeneve.com\/index.php\/wp-json\/wp\/v2\/pages\/3556?print=pdf\" class=\"pdfprnt-button pdfprnt-button-pdf\" target=\"_blank\"><img decoding=\"async\" src=\"http:\/\/ufegeneve.com\/wp-content\/plugins\/pdf-print\/images\/pdf.png\" alt=\"image_pdf\" title=\"Afficher le PDF\" \/><\/a><a href=\"http:\/\/ufegeneve.com\/index.php\/wp-json\/wp\/v2\/pages\/3556?print=print\" class=\"pdfprnt-button pdfprnt-button-print\" target=\"_blank\"><img decoding=\"async\" src=\"http:\/\/ufegeneve.com\/wp-content\/plugins\/pdf-print\/images\/print.png\" alt=\"image_print\" title=\"Contenu imprim\u00e9\" \/><\/a><\/div>\n<p><a href=\"http:\/\/ufegeneve.com\/wp-content\/uploads\/2024\/11\/carmen-campo-real.jpg\"><img loading=\"lazy\" decoding=\"async\" class=\"aligncenter  wp-image-3557\" src=\"http:\/\/ufegeneve.com\/wp-content\/uploads\/2024\/11\/carmen-campo-real.jpg\" alt=\"\" width=\"441\" height=\"371\" srcset=\"http:\/\/ufegeneve.com\/wp-content\/uploads\/2024\/11\/carmen-campo-real.jpg 887w, http:\/\/ufegeneve.com\/wp-content\/uploads\/2024\/11\/carmen-campo-real-300x253.jpg 300w, http:\/\/ufegeneve.com\/wp-content\/uploads\/2024\/11\/carmen-campo-real-768x647.jpg 768w, http:\/\/ufegeneve.com\/wp-content\/uploads\/2024\/11\/carmen-campo-real-600x505.jpg 600w\" sizes=\"auto, (max-width: 441px) 100vw, 441px\" \/><\/a><\/p>\n<p>&nbsp;<\/p>\n<p>Carmen Campo Real, n\u00e9e \u00e0 Paris en 1968, est une po\u00e9tesse militante fran\u00e7aise qui s\u2019int\u00e9resse aux questions sociales. Elle vit et travaille \u00e0 Gen\u00e8ve. En tant que journaliste, elle commence \u00e0 travailler pour TF1 puis, en collaborant avec des magazines tels que Glamour, Jardin des Modes, New Yorker, Rolling Stone, Vogue et Elle, elle r\u00e9alise que sa passion est le journalisme d\u2019investigation, creuser des situations complexes, nouer des relations avec d\u2019autres \u00eatres humains. Depuis qu\u2019elle a d\u00e9m\u00e9nag\u00e9 \u00e0 Gen\u00e8ve en 2002, elle consacre tout son temps \u00e0 l\u2019\u00e9criture et \u00e0 l\u2019interpr\u00e9tation de po\u00e9sie en fran\u00e7ais. Ses publications chez Slatkine incluent \u201cPerfusions\u201d (2009), \u201cCartilage\u201d (2010), \u201cHiatus\u201d (2014), \u201cJanus\u201d (2018), \u201cHubris\u201d (2022). Elle est repr\u00e9sent\u00e9e par la Galerie d\u2019art Sonia Zannetacci.<\/p>\n","protected":false},"excerpt":{"rendered":"<p>&nbsp; Carmen Campo Real, n\u00e9e \u00e0 Paris en 1968, est une po\u00e9tesse militante fran\u00e7aise qui s\u2019int\u00e9resse aux questions sociales. Elle vit et travaille \u00e0 Gen\u00e8ve. En tant que journaliste, elle commence \u00e0 travailler pour TF1 puis, en collaborant avec des magazines tels que Glamour, Jardin des Modes, New Yorker, Rolling Stone, Vogue et Elle, elle [&hellip;]<\/p>\n","protected":false},"author":1,"featured_media":0,"parent":0,"menu_order":0,"comment_status":"closed","ping_status":"closed","template":"","meta":{"_price":"","_stock":"","_tribe_ticket_header":"","_tribe_default_ticket_provider":"","_tribe_ticket_capacity":"0","_ticket_start_date":"","_ticket_end_date":"","_tribe_ticket_show_description":"","_tribe_ticket_show_not_going":false,"_tribe_ticket_use_global_stock":"","_tribe_ticket_global_stock_level":"","_global_stock_mode":"","_global_stock_cap":"","_tribe_rsvp_for_event":"","_tribe_ticket_going_count":"","_tribe_ticket_not_going_count":"","_tribe_tickets_list":"[]","_tribe_ticket_has_attendee_info_fields":false,"_themeisle_gutenberg_block_has_review":false,"footnotes":"","_tec_slr_enabled":"","_tec_slr_layout":""},"folder":[],"class_list":["post-3556","page","type-page","status-publish","hentry"],"ticketed":false,"_links":{"self":[{"href":"http:\/\/ufegeneve.com\/index.php\/wp-json\/wp\/v2\/pages\/3556","targetHints":{"allow":["GET"]}}],"collection":[{"href":"http:\/\/ufegeneve.com\/index.php\/wp-json\/wp\/v2\/pages"}],"about":[{"href":"http:\/\/ufegeneve.com\/index.php\/wp-json\/wp\/v2\/types\/page"}],"author":[{"embeddable":true,"href":"http:\/\/ufegeneve.com\/index.php\/wp-json\/wp\/v2\/users\/1"}],"replies":[{"embeddable":true,"href":"http:\/\/ufegeneve.com\/index.php\/wp-json\/wp\/v2\/comments?post=3556"}],"version-history":[{"count":2,"href":"http:\/\/ufegeneve.com\/index.php\/wp-json\/wp\/v2\/pages\/3556\/revisions"}],"predecessor-version":[{"id":3559,"href":"http:\/\/ufegeneve.com\/index.php\/wp-json\/wp\/v2\/pages\/3556\/revisions\/3559"}],"wp:attachment":[{"href":"http:\/\/ufegeneve.com\/index.php\/wp-json\/wp\/v2\/media?parent=3556"}],"wp:term":[{"taxonomy":"folder","embeddable":true,"href":"http:\/\/ufegeneve.com\/index.php\/wp-json\/wp\/v2\/folder?post=3556"}],"curies":[{"name":"wp","href":"https:\/\/api.w.org\/{rel}","templated":true}]}}