{"id":3736,"date":"2025-05-16T11:48:40","date_gmt":"2025-05-16T11:48:40","guid":{"rendered":"http:\/\/ufegeneve.com\/?page_id=3736"},"modified":"2025-05-30T17:47:58","modified_gmt":"2025-05-30T17:47:58","slug":"inscription-visite-privee-de-lexposition-anima-mundi-here-now-eternity-le-mercredi-4-juin-2025-a-19h00-galerie-lappartement","status":"publish","type":"page","link":"http:\/\/ufegeneve.com\/index.php\/inscription-visite-privee-de-lexposition-anima-mundi-here-now-eternity-le-mercredi-4-juin-2025-a-19h00-galerie-lappartement\/","title":{"rendered":"Inscription &#8211; Visite priv\u00e9e de l&rsquo;Exposition \u00ab Anima Mundi : Here, Now &#038; Eternity\u00bb le mercredi 4 juin 2025 \u00e0 19h00 &#8211; Galerie \u00ab\u00a0L\u2019Appartement\u00a0\u00bb"},"content":{"rendered":"<div class=\"pdfprnt-buttons pdfprnt-buttons-page pdfprnt-top-right\"><a href=\"http:\/\/ufegeneve.com\/index.php\/wp-json\/wp\/v2\/pages\/3736?print=pdf\" class=\"pdfprnt-button pdfprnt-button-pdf\" target=\"_blank\"><img decoding=\"async\" src=\"http:\/\/ufegeneve.com\/wp-content\/plugins\/pdf-print\/images\/pdf.png\" alt=\"image_pdf\" title=\"Afficher le PDF\" \/><\/a><a href=\"http:\/\/ufegeneve.com\/index.php\/wp-json\/wp\/v2\/pages\/3736?print=print\" class=\"pdfprnt-button pdfprnt-button-print\" target=\"_blank\"><img decoding=\"async\" src=\"http:\/\/ufegeneve.com\/wp-content\/plugins\/pdf-print\/images\/print.png\" alt=\"image_print\" title=\"Contenu imprim\u00e9\" \/><\/a><\/div>\n<p>Madame, Monsieur,<\/p>\n<p>Nous vous prions de noter que les inscriptions sont \u00e0 pr\u00e9sent closes.<\/p>\n<p>Vous remerciant de votre compr\u00e9hension,<\/p>\n<p>Avec nos meilleures salutations<\/p>\n<p>Le Comit\u00e9 UFE Gen\u00e8ve<\/p>\n","protected":false},"excerpt":{"rendered":"<p>Madame, Monsieur, Nous vous prions de noter que les inscriptions sont \u00e0 pr\u00e9sent closes. Vous remerciant de votre compr\u00e9hension, Avec nos meilleures salutations Le Comit\u00e9 UFE Gen\u00e8ve<\/p>\n","protected":false},"author":1,"featured_media":0,"parent":0,"menu_order":0,"comment_status":"closed","ping_status":"closed","template":"","meta":{"_price":"","_stock":"","_tribe_ticket_header":"","_tribe_default_ticket_provider":"","_tribe_ticket_capacity":"0","_ticket_start_date":"","_ticket_end_date":"","_tribe_ticket_show_description":"","_tribe_ticket_show_not_going":false,"_tribe_ticket_use_global_stock":"","_tribe_ticket_global_stock_level":"","_global_stock_mode":"","_global_stock_cap":"","_tribe_rsvp_for_event":"","_tribe_ticket_going_count":"","_tribe_ticket_not_going_count":"","_tribe_tickets_list":"[]","_tribe_ticket_has_attendee_info_fields":false,"_themeisle_gutenberg_block_has_review":false,"footnotes":"","_tec_slr_enabled":"","_tec_slr_layout":""},"folder":[],"class_list":["post-3736","page","type-page","status-publish","hentry"],"ticketed":false,"_links":{"self":[{"href":"http:\/\/ufegeneve.com\/index.php\/wp-json\/wp\/v2\/pages\/3736","targetHints":{"allow":["GET"]}}],"collection":[{"href":"http:\/\/ufegeneve.com\/index.php\/wp-json\/wp\/v2\/pages"}],"about":[{"href":"http:\/\/ufegeneve.com\/index.php\/wp-json\/wp\/v2\/types\/page"}],"author":[{"embeddable":true,"href":"http:\/\/ufegeneve.com\/index.php\/wp-json\/wp\/v2\/users\/1"}],"replies":[{"embeddable":true,"href":"http:\/\/ufegeneve.com\/index.php\/wp-json\/wp\/v2\/comments?post=3736"}],"version-history":[{"count":4,"href":"http:\/\/ufegeneve.com\/index.php\/wp-json\/wp\/v2\/pages\/3736\/revisions"}],"predecessor-version":[{"id":3767,"href":"http:\/\/ufegeneve.com\/index.php\/wp-json\/wp\/v2\/pages\/3736\/revisions\/3767"}],"wp:attachment":[{"href":"http:\/\/ufegeneve.com\/index.php\/wp-json\/wp\/v2\/media?parent=3736"}],"wp:term":[{"taxonomy":"folder","embeddable":true,"href":"http:\/\/ufegeneve.com\/index.php\/wp-json\/wp\/v2\/folder?post=3736"}],"curies":[{"name":"wp","href":"https:\/\/api.w.org\/{rel}","templated":true}]}}