{"id":3976,"date":"2026-04-01T11:29:37","date_gmt":"2026-04-01T11:29:37","guid":{"rendered":"http:\/\/ufegeneve.com\/?page_id=3976"},"modified":"2026-04-17T12:03:06","modified_gmt":"2026-04-17T12:03:06","slug":"conference-exceptionnelle-sur-le-theme-les-coulisses-de-christies-jeudi-30-avril-2026-de-18h00-a-20h00","status":"publish","type":"page","link":"http:\/\/ufegeneve.com\/index.php\/conference-exceptionnelle-sur-le-theme-les-coulisses-de-christies-jeudi-30-avril-2026-de-18h00-a-20h00\/","title":{"rendered":"Conf\u00e9rence exceptionnelle sur le th\u00e8me : \u00ab Les Coulisses de Christie\u2019s \u00bb &#8211; Jeudi 30 avril 2026 de 18h00 \u00e0 20h00"},"content":{"rendered":"<div class=\"pdfprnt-buttons pdfprnt-buttons-page pdfprnt-top-right\"><a href=\"http:\/\/ufegeneve.com\/index.php\/wp-json\/wp\/v2\/pages\/3976?print=pdf\" class=\"pdfprnt-button pdfprnt-button-pdf\" target=\"_blank\"><img decoding=\"async\" src=\"http:\/\/ufegeneve.com\/wp-content\/plugins\/pdf-print\/images\/pdf.png\" alt=\"image_pdf\" title=\"Afficher le PDF\" \/><\/a><a href=\"http:\/\/ufegeneve.com\/index.php\/wp-json\/wp\/v2\/pages\/3976?print=print\" class=\"pdfprnt-button pdfprnt-button-print\" target=\"_blank\"><img decoding=\"async\" src=\"http:\/\/ufegeneve.com\/wp-content\/plugins\/pdf-print\/images\/print.png\" alt=\"image_print\" title=\"Contenu imprim\u00e9\" \/><\/a><\/div>\n<p data-start=\"0\" data-end=\"26\">Chers membres, chers amis,<\/p>\n<p data-start=\"28\" data-end=\"215\">Nous vous remercions vivement pour l\u2019int\u00e9r\u00eat que vous portez \u00e0 cet \u00e9v\u00e9nement. Toutefois, nous avons le regret de vous informer que le nombre maximum de participants est d\u00e9sormais atteint.<\/p>\n<p data-start=\"217\" data-end=\"265\">Au plaisir de vous retrouver tr\u00e8s prochainement.<\/p>\n<p data-start=\"267\" data-end=\"299\" data-is-last-node=\"\" data-is-only-node=\"\">Avec nos meilleures salutations.<\/p>\n<p>Le Comit\u00e9 de l&rsquo;UFE Gen\u00e8ve<\/p>\n","protected":false},"excerpt":{"rendered":"<p>Chers membres, chers amis, Nous vous remercions vivement pour l\u2019int\u00e9r\u00eat que vous portez \u00e0 cet \u00e9v\u00e9nement. Toutefois, nous avons le regret de vous informer que le nombre maximum de participants est d\u00e9sormais atteint. Au plaisir de vous retrouver tr\u00e8s prochainement. Avec nos meilleures salutations. Le Comit\u00e9 de l&rsquo;UFE Gen\u00e8ve<\/p>\n","protected":false},"author":1,"featured_media":0,"parent":0,"menu_order":0,"comment_status":"closed","ping_status":"closed","template":"","meta":{"_price":"","_stock":"","_tribe_ticket_header":"","_tribe_default_ticket_provider":"","_tribe_ticket_capacity":"0","_ticket_start_date":"","_ticket_end_date":"","_tribe_ticket_show_description":"","_tribe_ticket_show_not_going":false,"_tribe_ticket_use_global_stock":"","_tribe_ticket_global_stock_level":"","_global_stock_mode":"","_global_stock_cap":"","_tribe_rsvp_for_event":"","_tribe_ticket_going_count":"","_tribe_ticket_not_going_count":"","_tribe_tickets_list":"[]","_tribe_ticket_has_attendee_info_fields":false,"_themeisle_gutenberg_block_has_review":false,"footnotes":"","_tec_slr_enabled":"","_tec_slr_layout":""},"folder":[],"class_list":["post-3976","page","type-page","status-publish","hentry"],"ticketed":false,"_links":{"self":[{"href":"http:\/\/ufegeneve.com\/index.php\/wp-json\/wp\/v2\/pages\/3976","targetHints":{"allow":["GET"]}}],"collection":[{"href":"http:\/\/ufegeneve.com\/index.php\/wp-json\/wp\/v2\/pages"}],"about":[{"href":"http:\/\/ufegeneve.com\/index.php\/wp-json\/wp\/v2\/types\/page"}],"author":[{"embeddable":true,"href":"http:\/\/ufegeneve.com\/index.php\/wp-json\/wp\/v2\/users\/1"}],"replies":[{"embeddable":true,"href":"http:\/\/ufegeneve.com\/index.php\/wp-json\/wp\/v2\/comments?post=3976"}],"version-history":[{"count":4,"href":"http:\/\/ufegeneve.com\/index.php\/wp-json\/wp\/v2\/pages\/3976\/revisions"}],"predecessor-version":[{"id":3982,"href":"http:\/\/ufegeneve.com\/index.php\/wp-json\/wp\/v2\/pages\/3976\/revisions\/3982"}],"wp:attachment":[{"href":"http:\/\/ufegeneve.com\/index.php\/wp-json\/wp\/v2\/media?parent=3976"}],"wp:term":[{"taxonomy":"folder","embeddable":true,"href":"http:\/\/ufegeneve.com\/index.php\/wp-json\/wp\/v2\/folder?post=3976"}],"curies":[{"name":"wp","href":"https:\/\/api.w.org\/{rel}","templated":true}]}}