{"id":92,"date":"2016-01-19T20:02:20","date_gmt":"2016-01-19T20:02:20","guid":{"rendered":"http:\/\/ufegeneve.com\/?page_id=92"},"modified":"2022-12-15T15:23:11","modified_gmt":"2022-12-15T15:23:11","slug":"missions","status":"publish","type":"page","link":"http:\/\/ufegeneve.com\/index.php\/missions\/","title":{"rendered":"Missions"},"content":{"rendered":"<div class=\"pdfprnt-buttons pdfprnt-buttons-page pdfprnt-top-right\"><a href=\"http:\/\/ufegeneve.com\/index.php\/wp-json\/wp\/v2\/pages\/92?print=pdf\" class=\"pdfprnt-button pdfprnt-button-pdf\" target=\"_blank\"><img decoding=\"async\" src=\"http:\/\/ufegeneve.com\/wp-content\/plugins\/pdf-print\/images\/pdf.png\" alt=\"image_pdf\" title=\"Afficher le PDF\" \/><\/a><a href=\"http:\/\/ufegeneve.com\/index.php\/wp-json\/wp\/v2\/pages\/92?print=print\" class=\"pdfprnt-button pdfprnt-button-print\" target=\"_blank\"><img decoding=\"async\" src=\"http:\/\/ufegeneve.com\/wp-content\/plugins\/pdf-print\/images\/print.png\" alt=\"image_print\" title=\"Contenu imprim\u00e9\" \/><\/a><\/div>\n<blockquote><p><span style=\"color: #000000; font-family: arial,helvetica,sans-serif; font-size: 12pt;\"><b>G<\/b><b>ARDER NOS LIENS AVEC LA FRANCE<\/b><\/span><\/p>\n<p><span style=\"color: #000000; font-family: arial,helvetica,sans-serif; font-size: 12pt;\">Partenaire privil\u00e9gi\u00e9 du Consulat de France, l&rsquo;UFE &#8211; Gen\u00e8ve travaille en \u00e9troite relation avec les autorit\u00e9s diplomatiques. Sa mission officielle am\u00e8ne notre association \u00e0 participer notamment aux travaux des comit\u00e9s consulaires pour l&rsquo;Aide sociale ou encore aux Commissions locales des bourses scolaires des \u00e9coles et lyc\u00e9es fran\u00e7ais. Par sa pr\u00e9sence aux manifestations de l&rsquo;UFE &#8211; Gen\u00e8ve, le Consul G\u00e9n\u00e9ral de France en poste apporte toute sa confiance \u00e0 notre association dans son action repr\u00e9sentative de la communaut\u00e9 tricolore install\u00e9e \u00e0 Gen\u00e8ve.<\/span><\/p>\n<p><span style=\"color: #000000; font-family: arial,helvetica,sans-serif; font-size: 12pt;\"><b>UN POLE D&rsquo;INFORMATION<\/b><\/span><\/p>\n<p><b> <\/b><span style=\"color: #000000; font-family: arial,helvetica,sans-serif; font-size: 12pt;\">L&rsquo;UFE &#8211; Gen\u00e8ve informe et conseille nos compatriotes expatri\u00e9s, ou binationaux, sur les questions de protection sociale, de logement, de scolarit\u00e9, de fiscalit\u00e9 et les assiste dans leurs d\u00e9marches aupr\u00e8s des autorit\u00e9s locales suisses et diplomatiques fran\u00e7aises.<\/span><\/p>\n<p><span style=\"color: #000000; font-family: arial,helvetica,sans-serif; font-size: 12pt;\"><b>UNE MISSION LOCALE, UNE VOCATION CULTURELLE<\/b><\/span><\/p>\n<p><span style=\"color: #000000; font-family: arial,helvetica,sans-serif; font-size: 12pt;\">Acteur \u00e0 part enti\u00e8re de la vie culturelle, l&rsquo;UFE &#8211; Gen\u00e8ve organise des visites, conf\u00e9rences et rencontres de grand int\u00e9r\u00eat dans le canton et ailleurs en Suisse.\u00a0<\/span><\/p>\n<p><span style=\"color: #000000; font-family: arial,helvetica,sans-serif; font-size: 12pt;\"><b>UN RESEAU SOCIAL<\/b><\/span><span style=\"color: #000000; font-family: arial,helvetica,sans-serif; font-size: 12pt;\">\u00a0<\/span><\/p>\n<p><span style=\"color: #000000; font-family: arial,helvetica,sans-serif; font-size: 12pt;\"><br \/>\n<\/span><span style=\"color: #000000; font-family: arial,helvetica,sans-serif; font-size: 12pt;\">B\u00e9n\u00e9ficier d&rsquo;un r\u00e9seau relationnel chaleureux et \u00e9largir votre cercle de connaissances en prenant part \u00e0 la vie de la communaut\u00e9 fran\u00e7aise, c&rsquo;est ce que l&rsquo;UFE &#8211; Gen\u00e8ve peut vous aider \u00e0 r\u00e9aliser. En assurant un trait d&rsquo;union avec la Cit\u00e9 qui les accueille, L&rsquo;UFE &#8211; Gen\u00e8ve aide ainsi les nouveaux arrivants \u00e0 s\u2019int\u00e9grer dans les meilleures conditions au milieu genevois.<\/span><\/p><\/blockquote>\n","protected":false},"excerpt":{"rendered":"<p>GARDER NOS LIENS AVEC LA FRANCE Partenaire privil\u00e9gi\u00e9 du Consulat de France, l&rsquo;UFE &#8211; Gen\u00e8ve travaille en \u00e9troite relation avec les autorit\u00e9s diplomatiques. Sa mission officielle am\u00e8ne notre association \u00e0 participer notamment aux travaux des comit\u00e9s consulaires pour l&rsquo;Aide sociale ou encore aux Commissions locales des bourses scolaires des \u00e9coles et lyc\u00e9es fran\u00e7ais. Par sa [&hellip;]<\/p>\n","protected":false},"author":1,"featured_media":0,"parent":0,"menu_order":0,"comment_status":"closed","ping_status":"closed","template":"","meta":{"_price":"","_stock":"","_tribe_ticket_header":"","_tribe_default_ticket_provider":"","_tribe_ticket_capacity":"0","_ticket_start_date":"","_ticket_end_date":"","_tribe_ticket_show_description":"","_tribe_ticket_show_not_going":false,"_tribe_ticket_use_global_stock":"","_tribe_ticket_global_stock_level":"","_global_stock_mode":"","_global_stock_cap":"","_tribe_rsvp_for_event":"","_tribe_ticket_going_count":"","_tribe_ticket_not_going_count":"","_tribe_tickets_list":"[]","_tribe_ticket_has_attendee_info_fields":false,"_themeisle_gutenberg_block_has_review":false,"footnotes":"","_tec_slr_enabled":"","_tec_slr_layout":""},"folder":[],"class_list":["post-92","page","type-page","status-publish","hentry"],"ticketed":false,"_links":{"self":[{"href":"http:\/\/ufegeneve.com\/index.php\/wp-json\/wp\/v2\/pages\/92","targetHints":{"allow":["GET"]}}],"collection":[{"href":"http:\/\/ufegeneve.com\/index.php\/wp-json\/wp\/v2\/pages"}],"about":[{"href":"http:\/\/ufegeneve.com\/index.php\/wp-json\/wp\/v2\/types\/page"}],"author":[{"embeddable":true,"href":"http:\/\/ufegeneve.com\/index.php\/wp-json\/wp\/v2\/users\/1"}],"replies":[{"embeddable":true,"href":"http:\/\/ufegeneve.com\/index.php\/wp-json\/wp\/v2\/comments?post=92"}],"version-history":[{"count":34,"href":"http:\/\/ufegeneve.com\/index.php\/wp-json\/wp\/v2\/pages\/92\/revisions"}],"predecessor-version":[{"id":3381,"href":"http:\/\/ufegeneve.com\/index.php\/wp-json\/wp\/v2\/pages\/92\/revisions\/3381"}],"wp:attachment":[{"href":"http:\/\/ufegeneve.com\/index.php\/wp-json\/wp\/v2\/media?parent=92"}],"wp:term":[{"taxonomy":"folder","embeddable":true,"href":"http:\/\/ufegeneve.com\/index.php\/wp-json\/wp\/v2\/folder?post=92"}],"curies":[{"name":"wp","href":"https:\/\/api.w.org\/{rel}","templated":true}]}}